{"id":122,"date":"2019-12-12T16:03:35","date_gmt":"2019-12-12T15:03:35","guid":{"rendered":"https:\/\/nanociencia.imdea.org\/sographmem\/?page_id=122"},"modified":"2020-04-24T11:24:43","modified_gmt":"2020-04-24T09:24:43","slug":"servicios","status":"publish","type":"page","link":"https:\/\/nanociencia.imdea.org\/sographmem\/servicios\/","title":{"rendered":"ABOUT"},"content":{"rendered":"\n[et_pb_section fb_built=\u00bb1&#8243; fullwidth=\u00bbon\u00bb admin_label=\u00bbCall to Action\u00bb _builder_version=\u00bb3.22&#8243; animation_style=\u00bbslide\u00bb animation_direction=\u00bbbottom\u00bb animation_intensity_slide=\u00bb6%\u00bb animation_starting_opacity=\u00bb100%\u00bb locked=\u00bboff\u00bb][et_pb_fullwidth_header title=\u00bbABOUT\u00bb content_max_width=\u00bb800px\u00bb _builder_version=\u00bb4.4.3&#8243; title_level=\u00bbh2&#8243; title_font=\u00bbLato||||||||\u00bb title_font_size=\u00bb60px\u00bb title_line_height=\u00bb1.2em\u00bb content_font=\u00bb||||||||\u00bb content_font_size=\u00bb20px\u00bb content_line_height=\u00bb1.8em\u00bb background_color=\u00bbrgba(255, 255, 255, 0)\u00bb use_background_color_gradient=\u00bbon\u00bb background_color_gradient_start=\u00bbrgba(0,0,0,0.75)\u00bb background_color_gradient_end=\u00bbrgba(0,0,0,0)\u00bb background_color_gradient_direction=\u00bb90deg\u00bb background_color_gradient_overlays_image=\u00bbon\u00bb background_image=\u00bbhttps:\/\/nanociencia.imdea.org\/sographmem\/wp-content\/uploads\/2020\/04\/IMG_1982-scaled.jpg\u00bb custom_button_one=\u00bbon\u00bb button_one_text_size=\u00bb18px\u00bb button_one_bg_color=\u00bb#02d002&#8243; button_one_border_width=\u00bb8px\u00bb button_one_border_color=\u00bb#02d002&#8243; button_one_border_radius=\u00bb0px\u00bb button_one_letter_spacing=\u00bb1px\u00bb button_one_font=\u00bbLato|700|||||||\u00bb button_one_use_icon=\u00bboff\u00bb custom_button_two=\u00bbon\u00bb button_two_text_size=\u00bb18px\u00bb button_two_text_color=\u00bb#353740&#8243; button_two_bg_color=\u00bb#ffffff\u00bb button_two_border_width=\u00bb8px\u00bb button_two_border_color=\u00bb#ffffff\u00bb button_two_border_radius=\u00bb0px\u00bb button_two_letter_spacing=\u00bb1px\u00bb button_two_font=\u00bbLato|700|||||||\u00bb button_two_use_icon=\u00bboff\u00bb min_height=\u00bb234px\u00bb custom_margin=\u00bb|||\u00bb custom_padding=\u00bb8%||8%|\u00bb border_width_top=\u00bb12px\u00bb border_color_top=\u00bb#0c71c3&#8243; border_width_bottom=\u00bb5px\u00bb border_color_bottom=\u00bb#0c71c3&#8243; text_shadow_style=\u00bbpreset2&#8243; button_one_letter_spacing_hover=\u00bb1px\u00bb button_two_letter_spacing_hover=\u00bb1px\u00bb button_one_text_size__hover_enabled=\u00bboff\u00bb button_two_text_size__hover_enabled=\u00bboff\u00bb button_one_text_color__hover_enabled=\u00bboff\u00bb button_two_text_color__hover_enabled=\u00bboff\u00bb button_one_border_width__hover_enabled=\u00bboff\u00bb button_two_border_width__hover_enabled=\u00bboff\u00bb button_one_border_color__hover_enabled=\u00bboff\u00bb button_two_border_color__hover_enabled=\u00bboff\u00bb button_one_border_radius__hover_enabled=\u00bboff\u00bb button_two_border_radius__hover_enabled=\u00bboff\u00bb button_one_letter_spacing__hover_enabled=\u00bbon\u00bb button_one_letter_spacing__hover=\u00bb1px\u00bb button_two_letter_spacing__hover_enabled=\u00bbon\u00bb button_two_letter_spacing__hover=\u00bb1px\u00bb button_one_bg_color__hover_enabled=\u00bboff\u00bb button_two_bg_color__hover_enabled=\u00bboff\u00bb][\/et_pb_fullwidth_header][\/et_pb_section][et_pb_section fb_built=\u00bb1&#8243; admin_label=\u00bbEvent Section\u00bb _builder_version=\u00bb4.0.9&#8243; custom_padding=\u00bb10px||100px||false|false\u00bb animation_style=\u00bbzoom\u00bb animation_intensity_zoom=\u00bb6%\u00bb animation_starting_opacity=\u00bb100%\u00bb][et_pb_row _builder_version=\u00bb4.4.3&#8243; custom_padding=\u00bb68px|||||\u00bb][et_pb_column type=\u00bb4_4&#8243; _builder_version=\u00bb4.4.3&#8243;][et_pb_text _builder_version=\u00bb4.4.3&#8243; text_font_size=\u00bb20px\u00bb]<p><strong>SOgraphMEM<\/strong> &#8211; <strong>S<\/strong>pin <strong>O<\/strong>rbit\u00a0functionalized <strong>GRAPH<\/strong>ene for resistive-magnetic <strong>MEM<\/strong>ories<\/p>[\/et_pb_text][\/et_pb_column][\/et_pb_row][et_pb_row _builder_version=\u00bb4.4.3&#8243;][et_pb_column type=\u00bb4_4&#8243; _builder_version=\u00bb4.4.3&#8243;][et_pb_text _builder_version=\u00bb4.4.3&#8243;]<p id=\"h.p_ID_36\" class=\"zfr3Q\"><strong>Funding organism:<\/strong> National research agencies, MINECO Spain, ANR France, DPG Germany, FNRS Belgium, upon recommendation\/evaluation from European Union<\/p>\n<p id=\"h.p_ID_38\" class=\"zfr3Q\"><strong>Participating organisms:<\/strong> <a href=\"http:\/\/nanociencia.imdea.org\/\">IMDEA Nanociencia<\/a> (Spain), <a href=\"https:\/\/www.cnrs-thales.fr\/\">CNRS-UMPHY<\/a> (France),<a href=\"https:\/\/www.synchrotron-soleil.fr\/en\"> Soleil<\/a> (France), <a href=\"cells.es\/en\">ALBA-CELLS<\/a> (Spain), <a href=\"http:\/\/namlab.de\/\">NaMLab gGmbH<\/a><strong> <\/strong>(Germany), Peter Gr\u00fcnberg Institute (PGI) &amp; Institute for Advanced Simulation (IAS) &#8211;<a href=\"https:\/\/www.fz-juelich.de\/portal\/EN\/Home\/home_node.html\"> Forschungszentrum J\u00fclich<\/a> (Germany), <a href=\"https:\/\/uclouvain.be\/fr\/index.html\">Universit\u00e9 Catholique de Louvain<\/a> (Belgium).<\/p>\n<p id=\"h.p_ID_40\" class=\"zfr3Q\"><strong>Coordination<\/strong>: Dr. Paolo Perna<\/p>\n<p id=\"h.p_ID_42\" class=\"zfr3Q\"><strong>Total budget<\/strong>: 1.1 M\u20ac from: 1<sup>st<\/sup> January 2020 to 31<sup>st<\/sup> December 2022<\/p>\n<p>&nbsp;<\/p>[\/et_pb_text][\/et_pb_column][\/et_pb_row][et_pb_row column_structure=\u00bb1_5,1_5,1_5,1_5,1_5&#8243; _builder_version=\u00bb4.4.3&#8243;][et_pb_column type=\u00bb1_5&#8243; _builder_version=\u00bb4.4.3&#8243;][et_pb_image src=\u00bbhttps:\/\/nanociencia.imdea.org\/sographmem\/wp-content\/uploads\/2020\/04\/logo-flagera.png\u00bb _builder_version=\u00bb4.4.3&#8243; width=\u00bb120%\u00bb][\/et_pb_image][\/et_pb_column][et_pb_column type=\u00bb1_5&#8243; _builder_version=\u00bb4.4.3&#8243;][et_pb_image src=\u00bbhttps:\/\/nanociencia.imdea.org\/sographmem\/wp-content\/uploads\/2020\/04\/graphene_flagship_logo_blue.png\u00bb _builder_version=\u00bb4.4.3&#8243; width=\u00bb120%\u00bb custom_margin=\u00bb14px|||14px|false|false\u00bb][\/et_pb_image][\/et_pb_column][et_pb_column type=\u00bb1_5&#8243; _builder_version=\u00bb4.4.3&#8243;][et_pb_image src=\u00bbhttps:\/\/nanociencia.imdea.org\/sographmem\/wp-content\/uploads\/2020\/04\/aei.jpg\u00bb _builder_version=\u00bb4.4.3&#8243; width=\u00bb110%\u00bb custom_margin=\u00bb-40px||||false|false\u00bb][\/et_pb_image][\/et_pb_column][et_pb_column type=\u00bb1_5&#8243; _builder_version=\u00bb4.4.3&#8243;][et_pb_image src=\u00bbhttps:\/\/nanociencia.imdea.org\/sographmem\/wp-content\/uploads\/2020\/04\/miccin.png\u00bb _builder_version=\u00bb4.4.3&#8243; width=\u00bb84%\u00bb custom_margin=\u00bb-5px||||false|false\u00bb][\/et_pb_image][\/et_pb_column][et_pb_column type=\u00bb1_5&#8243; _builder_version=\u00bb4.4.3&#8243;][et_pb_image src=\u00bbhttps:\/\/nanociencia.imdea.org\/sographmem\/wp-content\/uploads\/2020\/04\/unnamed-1.png\u00bb _builder_version=\u00bb4.4.3&#8243; width=\u00bb105%\u00bb custom_margin=\u00bb-7px|||-17px|false|false\u00bb][\/et_pb_image][\/et_pb_column][\/et_pb_row][et_pb_row _builder_version=\u00bb4.4.3&#8243;][et_pb_column type=\u00bb4_4&#8243; _builder_version=\u00bb4.4.3&#8243;][et_pb_text _builder_version=\u00bb4.4.3&#8243; text_text_color=\u00bb#0c71c3&#8243; text_font_size=\u00bb18px\u00bb]<p><strong>Summary of the proyect<\/strong><\/p>[\/et_pb_text][et_pb_text _builder_version=\u00bb4.4.3&#8243; min_height=\u00bb91px\u00bb custom_padding=\u00bb||0px|||\u00bb]<p style=\"text-align: justify;\">The demand for high density, low power and fast spin logic devices requires the combination of materials that can provide suitable spin transport channels with long spin lifetime and spin propagation, as well as topologically stable spin textures that can act as fast information carriers. These prerequisites for the development of spintronic technology in next years can be fulfilled by exploiting the spin and momentum degrees of freedom of electrons (Spin-Orbitronics, SO) in specific multi-layered structures. In addition, the discovery of a strong Dzyaloshinskii\u2212Moriya Interaction (DMI) at the Graphene (Gr)\/Ferromagnetic (FM) interface is a crucial step to promote SO technology enabling the electrical control of the transport and manipulation of (topologically protected) magnetic structures.<\/p>\n<p style=\"text-align: justify;\">The integration of graphene as efficient spin transport channel in the technology based on chiral spin textures depends, however, on our ability to fabricate Gr-based perpendicular magnetic anisotropy (PMA) systems with tailored interfacial Spin Orbit Coupling (SOC). The partners of the consortium have already demonstrated the ability to tune the SOC by metal intercalation and the important magnetic interactions including the perpendicular anisotropy, the interlayer dipolar fields or the interfacial DMI by layer engineering, in order to control the chirality of the magnetic domain walls and skyrmions, to detect electrically nanometer spin textures, to realize graphene mediated antiferromagnetic coupling (AFC) between FMs, and finally to engineer ferroelectricity for application in various flavours of ferroelectric memories.<\/p>[\/et_pb_text][et_pb_text _builder_version=\u00bb4.4.3&#8243; text_text_color=\u00bb#0c71c3&#8243; text_font_size=\u00bb18px\u00bb min_height=\u00bb9px\u00bb]<p><strong>Main objectives\u00a0<\/strong><\/p>[\/et_pb_text][et_pb_text _builder_version=\u00bb4.4.3&#8243; hover_enabled=\u00bb0&#8243;]<p style=\"text-align: justify;\">SOgraphMEM project aims to i) functionalize the SOC induced parameters, ii) characterize, and iii) test the graphene based Spin-Orbitronic systems\/devices operating at room temperature by exploiting the advantages of combining FM ultrathin films underneath of a Gr layer, non-magnetic films of heavy metals (HM), and ferroelectric (FE) compounds (doped-HfO2, HfZrO2). We aim at exploiting the polarization of the FE in order to ultimately realize voltage-controlled resistive and magnetic switching devices. We will adopt a specific methodology to fabricate the stacks, which will have the following sequence FE \/ Gr \/ FM \/ HM onto insulating oxides. In order to stabilize the spin textures, we will also explore the use of AFC through Gr in synthetic antiferromagnetic (SAF) stack, i.e. FM2 \/ Gr \/ FM1.<\/p>\n<p style=\"text-align: justify;\">In view of practical applications, SOgraphMEM will open the way for the development of the next generation of spintronics devices beyond the Moore\u2019s law, exhibiting low power, high velocity and large density, as well as efficient spin injection\/detection.<\/p>[\/et_pb_text][et_pb_text _builder_version=\u00bb4.4.3&#8243; hover_enabled=\u00bb0&#8243; min_height=\u00bb121px\u00bb custom_padding=\u00bb0px|||||\u00bb]<ul>\n<li><strong>Objetive 1.\u00a0<\/strong>Realization of SOgraphMEM prototypes.<\/li>\n<li><strong>Objective 2.<\/strong> Effects of electric field on the magnetic anisotropy and DMI.<\/li>\n<li><strong>Objective 3.<\/strong> Characterization of the magneto-transport, magnetization dynamics and spin-orbit and spin-transfer torque effects as a function of applied electric and magnetic fields.<\/li>\n<li><strong>Objective 4.<\/strong> Magnetic and ferroelectric switches.<\/li>\n<\/ul>\n[\/et_pb_text][et_pb_image src=\u00bbhttps:\/\/nanociencia.imdea.org\/sographmem\/wp-content\/uploads\/2020\/04\/figure-proyect.png\u00bb _builder_version=\u00bb4.4.3&#8243; hover_enabled=\u00bb0&#8243; width=\u00bb81%\u00bb module_alignment=\u00bbcenter\u00bb][\/et_pb_image][et_pb_text _builder_version=\u00bb4.4.3&#8243; text_text_color=\u00bb#0c71c3&#8243; text_font_size=\u00bb18px\u00bb min_height=\u00bb9px\u00bb]<p><strong>An interdisciplinary consortium<\/strong><\/p>[\/et_pb_text][et_pb_text _builder_version=\u00bb4.4.3&#8243;]<p style=\"text-align: justify;\">The SOgraphMEM <a href=\"https:\/\/nanociencia.imdea.org\/sographmem\/consortium-2\/\">consortium<\/a> is composed by seven research institutions (IMDEA, UMPHY, SOLEIL, ALBA, NAMLAB, JUELICH and UCL) from four EU countries (Spain, France, Germany, Belgium) and comprises a group of experts in the required fabrication and characterization techniques, in multiscale theory, as well as the facilities and engineering expertise to produce the proposed systems\/devices. In addition, the Consortium complements the capabilities already available at the Graphene Flagship, making available a list of sophisticated techniques.<\/p>[\/et_pb_text][\/et_pb_column][\/et_pb_row][et_pb_row _builder_version=\u00bb4.4.3&#8243;][et_pb_column _builder_version=\u00bb4.4.3&#8243; type=\u00bb4_4&#8243;][et_pb_text _builder_version=\u00bb4.4.3&#8243; text_text_color=\u00bb#0c71c3&#8243; text_font_size=\u00bb18px\u00bb min_height=\u00bb9px\u00bb hover_enabled=\u00bb0&#8243;]<p><strong>Work Plan<\/strong><\/p>[\/et_pb_text][et_pb_image src=\u00bbhttps:\/\/nanociencia.imdea.org\/sographmem\/wp-content\/uploads\/2020\/04\/work-plan-summary-1.png\u00bb _builder_version=\u00bb4.4.3&#8243; hover_enabled=\u00bb0&#8243; width=\u00bb60%\u00bb module_alignment=\u00bbcenter\u00bb][\/et_pb_image][et_pb_slider _builder_version=\u00bb4.4.3&#8243; hover_enabled=\u00bb0&#8243; custom_padding=\u00bb||0px|||\u00bb min_height=\u00bb157px\u00bb border_width_all_image=\u00bb1px\u00bb width=\u00bb140%\u00bb dot_nav_custom_color=\u00bb#0c71c3&#8243; arrows_custom_color=\u00bb#0c71c3&#8243; custom_margin=\u00bb|||-153px|false|false\u00bb show_pagination=\u00bboff\u00bb][et_pb_slide heading=\u00bbGeneral Gannt chart Table\u00bb _builder_version=\u00bb4.4.3&#8243; background_layout=\u00bblight\u00bb use_bg_overlay=\u00bboff\u00bb use_text_overlay=\u00bboff\u00bb custom_padding=\u00bb49px|||4px|false|false\u00bb hover_enabled=\u00bb0&#8243; image=\u00bbhttps:\/\/nanociencia.imdea.org\/sographmem\/wp-content\/uploads\/2020\/04\/general-gannt.png\u00bb alignment=\u00bbbottom\u00bb width=\u00bb100%\u00bb max_width=\u00bb100%\u00bb header_font=\u00bbAbel||||||||\u00bb header_text_align=\u00bbleft\u00bb header_font_size=\u00bb31px\u00bb header_text_color=\u00bb#0c71c3&#8243; background_color=\u00bbrgba(0,0,0,0)\u00bb background_enable_color=\u00bbon\u00bb][\/et_pb_slide][et_pb_slide heading=\u00bbIndividual Gannt chart Table (WP1)\u00bb _builder_version=\u00bb4.4.3&#8243; background_layout=\u00bblight\u00bb use_bg_overlay=\u00bboff\u00bb use_text_overlay=\u00bboff\u00bb custom_padding=\u00bb49px|||4px|false|false\u00bb hover_enabled=\u00bb0&#8243; image=\u00bbhttps:\/\/nanociencia.imdea.org\/sographmem\/wp-content\/uploads\/2020\/04\/wp1.png\u00bb alignment=\u00bbbottom\u00bb width=\u00bb100%\u00bb max_width=\u00bb100%\u00bb header_font=\u00bbAbel||||||||\u00bb header_text_align=\u00bbleft\u00bb header_font_size=\u00bb31px\u00bb header_text_color=\u00bb#0c71c3&#8243; background_color=\u00bbrgba(0,0,0,0)\u00bb background_enable_color=\u00bbon\u00bb][\/et_pb_slide][et_pb_slide heading=\u00bbIndividual Gannt chart Table (WP2)\u00bb _builder_version=\u00bb4.4.3&#8243; background_layout=\u00bblight\u00bb use_bg_overlay=\u00bboff\u00bb use_text_overlay=\u00bboff\u00bb custom_padding=\u00bb49px|||4px|false|false\u00bb hover_enabled=\u00bb0&#8243; image=\u00bbhttps:\/\/nanociencia.imdea.org\/sographmem\/wp-content\/uploads\/2020\/04\/wp2.png\u00bb alignment=\u00bbbottom\u00bb width=\u00bb100%\u00bb max_width=\u00bb100%\u00bb header_font=\u00bbAbel||||||||\u00bb header_text_align=\u00bbleft\u00bb header_font_size=\u00bb31px\u00bb header_text_color=\u00bb#0c71c3&#8243; background_color=\u00bbrgba(0,0,0,0)\u00bb background_enable_color=\u00bbon\u00bb][\/et_pb_slide][et_pb_slide heading=\u00bbIndividual Gannt chart Table (WP3)\u00bb _builder_version=\u00bb4.4.3&#8243; background_layout=\u00bblight\u00bb use_bg_overlay=\u00bboff\u00bb use_text_overlay=\u00bboff\u00bb custom_padding=\u00bb49px|||4px|false|false\u00bb hover_enabled=\u00bb0&#8243; image=\u00bbhttps:\/\/nanociencia.imdea.org\/sographmem\/wp-content\/uploads\/2020\/04\/wp3.png\u00bb alignment=\u00bbbottom\u00bb width=\u00bb100%\u00bb max_width=\u00bb100%\u00bb header_font=\u00bbAbel||||||||\u00bb header_text_align=\u00bbleft\u00bb header_font_size=\u00bb31px\u00bb header_text_color=\u00bb#0c71c3&#8243; background_color=\u00bbrgba(0,0,0,0)\u00bb background_enable_color=\u00bbon\u00bb][\/et_pb_slide][et_pb_slide heading=\u00bbIndividual Gannt chart Table (WP4)\u00bb _builder_version=\u00bb4.4.3&#8243; background_layout=\u00bblight\u00bb use_bg_overlay=\u00bboff\u00bb use_text_overlay=\u00bboff\u00bb custom_padding=\u00bb49px|||4px|false|false\u00bb hover_enabled=\u00bb0&#8243; image=\u00bbhttps:\/\/nanociencia.imdea.org\/sographmem\/wp-content\/uploads\/2020\/04\/wp4.png\u00bb alignment=\u00bbbottom\u00bb width=\u00bb100%\u00bb max_width=\u00bb100%\u00bb header_font=\u00bbAbel||||||||\u00bb header_text_align=\u00bbleft\u00bb header_font_size=\u00bb31px\u00bb header_text_color=\u00bb#0c71c3&#8243; background_color=\u00bbrgba(0,0,0,0)\u00bb background_enable_color=\u00bbon\u00bb][\/et_pb_slide][et_pb_slide heading=\u00bbIndividual Gannt chart Table (WP5)\u00bb _builder_version=\u00bb4.4.3&#8243; background_layout=\u00bblight\u00bb use_bg_overlay=\u00bboff\u00bb use_text_overlay=\u00bboff\u00bb custom_padding=\u00bb49px|||4px|false|false\u00bb hover_enabled=\u00bb0&#8243; image=\u00bbhttps:\/\/nanociencia.imdea.org\/sographmem\/wp-content\/uploads\/2020\/04\/wp5.png\u00bb alignment=\u00bbbottom\u00bb width=\u00bb100%\u00bb max_width=\u00bb100%\u00bb header_font=\u00bbAbel||||||||\u00bb header_text_align=\u00bbleft\u00bb header_font_size=\u00bb31px\u00bb header_text_color=\u00bb#0c71c3&#8243; background_color=\u00bbrgba(0,0,0,0)\u00bb background_enable_color=\u00bbon\u00bb][\/et_pb_slide][et_pb_slide heading=\u00bbIndividual Gannt chart Table (WP6)\u00bb _builder_version=\u00bb4.4.3&#8243; background_layout=\u00bblight\u00bb use_bg_overlay=\u00bboff\u00bb use_text_overlay=\u00bboff\u00bb custom_padding=\u00bb49px|||4px|false|false\u00bb hover_enabled=\u00bb0&#8243; image=\u00bbhttps:\/\/nanociencia.imdea.org\/sographmem\/wp-content\/uploads\/2020\/04\/wp6.png\u00bb alignment=\u00bbbottom\u00bb width=\u00bb100%\u00bb max_width=\u00bb100%\u00bb header_font=\u00bbAbel||||||||\u00bb header_text_align=\u00bbleft\u00bb header_font_size=\u00bb31px\u00bb header_text_color=\u00bb#0c71c3&#8243; background_color=\u00bbrgba(0,0,0,0)\u00bb background_enable_color=\u00bbon\u00bb][\/et_pb_slide][\/et_pb_slider][\/et_pb_column][\/et_pb_row][\/et_pb_section]\n","protected":false},"excerpt":{"rendered":"<p>SOgraphMEM &#8211; Spin Orbit\u00a0functionalized GRAPHene for resistive-magnetic MEMoriesFunding organism: National research agencies, MINECO Spain, ANR France, DPG Germany, FNRS Belgium, upon recommendation\/evaluation from European Union Participating organisms: IMDEA Nanociencia (Spain), CNRS-UMPHY (France), Soleil (France), ALBA-CELLS (Spain), NaMLab gGmbH (Germany), Peter Gr\u00fcnberg Institute (PGI) &amp; Institute for Advanced Simulation (IAS) &#8211; Forschungszentrum J\u00fclich (Germany), Universit\u00e9 Catholique [&hellip;]<\/p>\n","protected":false},"author":1,"featured_media":0,"parent":0,"menu_order":0,"comment_status":"closed","ping_status":"closed","template":"","meta":{"_et_pb_use_builder":"on","_et_pb_old_content":"","_et_gb_content_width":"","footnotes":""},"class_list":["post-122","page","type-page","status-publish","hentry"],"_links":{"self":[{"href":"https:\/\/nanociencia.imdea.org\/sographmem\/wp-json\/wp\/v2\/pages\/122","targetHints":{"allow":["GET"]}}],"collection":[{"href":"https:\/\/nanociencia.imdea.org\/sographmem\/wp-json\/wp\/v2\/pages"}],"about":[{"href":"https:\/\/nanociencia.imdea.org\/sographmem\/wp-json\/wp\/v2\/types\/page"}],"author":[{"embeddable":true,"href":"https:\/\/nanociencia.imdea.org\/sographmem\/wp-json\/wp\/v2\/users\/1"}],"replies":[{"embeddable":true,"href":"https:\/\/nanociencia.imdea.org\/sographmem\/wp-json\/wp\/v2\/comments?post=122"}],"version-history":[{"count":22,"href":"https:\/\/nanociencia.imdea.org\/sographmem\/wp-json\/wp\/v2\/pages\/122\/revisions"}],"predecessor-version":[{"id":935,"href":"https:\/\/nanociencia.imdea.org\/sographmem\/wp-json\/wp\/v2\/pages\/122\/revisions\/935"}],"wp:attachment":[{"href":"https:\/\/nanociencia.imdea.org\/sographmem\/wp-json\/wp\/v2\/media?parent=122"}],"curies":[{"name":"wp","href":"https:\/\/api.w.org\/{rel}","templated":true}]}}